{"id":6,"date":"2016-05-12T06:42:43","date_gmt":"2016-05-12T06:42:43","guid":{"rendered":"http:\/\/www.cssrealestate.com.do\/?page_id=6"},"modified":"2018-04-17T18:06:05","modified_gmt":"2018-04-17T18:06:05","slug":"about","status":"publish","type":"page","link":"https:\/\/cssrealestate.com.do\/de\/about\/","title":{"rendered":"\u00dcber CSS"},"content":{"rendered":"<p><strong>\u00dcber CSS<\/strong><\/p>\n<p>CSS steht f\u00fcr Cabarete Services &amp; Solutions. Seit 2006 verf\u00fcgen wir \u00fcber Erfahrung im Immobiliengesch\u00e4ft in der Dominikanischen Republik. In den ersten Jahren waren wir haupts\u00e4chlich in den Bereichen Immobilienmanagement f\u00fcr Hotels und Villen rund um die Nordk\u00fcste der Dominikanischen Republik t\u00e4tig.<\/p>\n<p>Zur Zeit der Gesch\u00e4ftsgr\u00fcndung war unser Standort Cabarete, seit einigen Jahren befinden wir uns nunmehr in einer der sch\u00f6nsten St\u00e4dte der Dominikanischen Republik, in Puerto Plata.<\/p>\n<p>Unser Prinzip ist es stets, dass wir ausschliesslich Angebote mit Titel &amp; Deslinde (die katastrale Vermessung der Immobilie) anbieten. Jedes unserer Angebote ist eine optimale Investition. Alle unsere Kunden werden mit viel Sorgfalt und Verantwortungsbewusstsein behandelt.<\/p>\n<p>Wir sind keine gew\u00f6hnliche Immobilienfirma, da unser Angebot viele weitere Dienstleistungen beinhaltet, die f\u00fcr Investoren n\u00fctzlich sind.<\/p>\n<p>Finden Sie uns in Bayardo Musaenda # 11, Puerto Plata, Dominikanische Republik.<\/p>\n<p>Oder rufen Sie uns an: 829-808-3304<\/p>\n<p>&nbsp;<\/p>","protected":false},"excerpt":{"rendered":"<p>\u00dcber CSS CSS steht f\u00fcr Cabarete Services &amp; Solutions. Seit 2006 verf\u00fcgen wir \u00fcber Erfahrung im Immobiliengesch\u00e4ft in der Dominikanischen Republik. In den ersten Jahren&#8230;<\/p>\n","protected":false},"author":3,"featured_media":2513,"parent":0,"menu_order":0,"comment_status":"closed","ping_status":"closed","template":"","meta":{"_acf_changed":false,"footnotes":""},"class_list":["post-6","page","type-page","status-publish","has-post-thumbnail","hentry"],"acf":[],"_links":{"self":[{"href":"https:\/\/cssrealestate.com.do\/de\/wp-json\/wp\/v2\/pages\/6","targetHints":{"allow":["GET"]}}],"collection":[{"href":"https:\/\/cssrealestate.com.do\/de\/wp-json\/wp\/v2\/pages"}],"about":[{"href":"https:\/\/cssrealestate.com.do\/de\/wp-json\/wp\/v2\/types\/page"}],"author":[{"embeddable":true,"href":"https:\/\/cssrealestate.com.do\/de\/wp-json\/wp\/v2\/users\/3"}],"replies":[{"embeddable":true,"href":"https:\/\/cssrealestate.com.do\/de\/wp-json\/wp\/v2\/comments?post=6"}],"version-history":[{"count":22,"href":"https:\/\/cssrealestate.com.do\/de\/wp-json\/wp\/v2\/pages\/6\/revisions"}],"predecessor-version":[{"id":3289,"href":"https:\/\/cssrealestate.com.do\/de\/wp-json\/wp\/v2\/pages\/6\/revisions\/3289"}],"wp:featuredmedia":[{"embeddable":true,"href":"https:\/\/cssrealestate.com.do\/de\/wp-json\/wp\/v2\/media\/2513"}],"wp:attachment":[{"href":"https:\/\/cssrealestate.com.do\/de\/wp-json\/wp\/v2\/media?parent=6"}],"curies":[{"name":"wp","href":"https:\/\/api.w.org\/{rel}","templated":true}]}}