{"id":6,"date":"2016-05-12T06:42:43","date_gmt":"2016-05-12T06:42:43","guid":{"rendered":"http:\/\/www.cssrealestate.com.do\/?page_id=6"},"modified":"2018-04-17T18:06:05","modified_gmt":"2018-04-17T18:06:05","slug":"about","status":"publish","type":"page","link":"https:\/\/cssrealestate.com.do\/es\/about\/","title":{"rendered":"Sobre CSS"},"content":{"rendered":"<p><strong>Sobre CSS<\/strong><\/p>\n<p>CSS significa, Cabarete Services &amp; Solutions. Hemos sido una empresa de bienes ra\u00edces desde el a<span lang=\"es\">\u00f1o\u00a0<\/span>2011, pero tenemos experiencia desde el a<span lang=\"es\">\u00f1o\u00a0<\/span>2006. Durante los primeros a\u00f1os hemos hecho la contabilidad y la administracion de propiedades, proyectos y hoteles en el alrededor de la costa norte de la Rep\u00fablica Dominicana.<\/p>\n<p>Empezamos nuestro negocio en Cabarete pero ahora estamos ubicados en una de las ciudades m\u00e1s hermosas que la Rep\u00fablica Dominicana pueda ofrecer, San Felipe de Puerto Plata, para ser exactos.<\/p>\n<p>En CSS S.R.L s\u00f3lo publicamos y ofrecemos propiedades con t\u00edtulos &amp; deslindes claros (un documento oficial con formas de medici\u00f3n de la propiedad). Cada uno de nuestros propiedades, son las mejores inversiones que tenemos para ofrecerle. Todos nuestros clientes, ventas, trabajos, y propiedades son tratados con mucho cuidado, conciencia y responsabilidad.<\/p>\n<p>No somos su empresa de bienes ra\u00edces ordinaria ya que tienen muchos servicios para ofrecerle.<\/p>\n<p>Encuentranos en Bayardo Musaenda #11, Puerto Plata, Republica Dominicana<\/p>\n<p>O Llamanos ahora: 829-808-3304<\/p>","protected":false},"excerpt":{"rendered":"<p>Sobre CSS CSS significa, Cabarete Services &amp; Solutions. Hemos sido una empresa de bienes ra\u00edces desde el a\u00f1o\u00a02011, pero tenemos experiencia desde el a\u00f1o\u00a02006. Durante&#8230;<\/p>\n","protected":false},"author":3,"featured_media":2513,"parent":0,"menu_order":0,"comment_status":"closed","ping_status":"closed","template":"","meta":{"_acf_changed":false,"footnotes":""},"class_list":["post-6","page","type-page","status-publish","has-post-thumbnail","hentry"],"acf":[],"_links":{"self":[{"href":"https:\/\/cssrealestate.com.do\/es\/wp-json\/wp\/v2\/pages\/6","targetHints":{"allow":["GET"]}}],"collection":[{"href":"https:\/\/cssrealestate.com.do\/es\/wp-json\/wp\/v2\/pages"}],"about":[{"href":"https:\/\/cssrealestate.com.do\/es\/wp-json\/wp\/v2\/types\/page"}],"author":[{"embeddable":true,"href":"https:\/\/cssrealestate.com.do\/es\/wp-json\/wp\/v2\/users\/3"}],"replies":[{"embeddable":true,"href":"https:\/\/cssrealestate.com.do\/es\/wp-json\/wp\/v2\/comments?post=6"}],"version-history":[{"count":22,"href":"https:\/\/cssrealestate.com.do\/es\/wp-json\/wp\/v2\/pages\/6\/revisions"}],"predecessor-version":[{"id":3289,"href":"https:\/\/cssrealestate.com.do\/es\/wp-json\/wp\/v2\/pages\/6\/revisions\/3289"}],"wp:featuredmedia":[{"embeddable":true,"href":"https:\/\/cssrealestate.com.do\/es\/wp-json\/wp\/v2\/media\/2513"}],"wp:attachment":[{"href":"https:\/\/cssrealestate.com.do\/es\/wp-json\/wp\/v2\/media?parent=6"}],"curies":[{"name":"wp","href":"https:\/\/api.w.org\/{rel}","templated":true}]}}